{"id":1792,"date":"2026-03-31T21:05:35","date_gmt":"2026-03-31T19:05:35","guid":{"rendered":"http:\/\/127.0.0.1:32771\/?post_type=product&#038;p=1792"},"modified":"2026-03-31T21:06:29","modified_gmt":"2026-03-31T19:06:29","slug":"napolivibe-pizza","status":"publish","type":"product","link":"https:\/\/www.pixel-aire.labo.infochartreux.fr\/?product=napolivibe-pizza","title":{"rendered":"NapoliVibe Pizza"},"content":{"rendered":"<p data-start=\"129\" data-end=\"319\">Red\u00e9couvrez l\u2019authenticit\u00e9 italienne \u00e0 travers notre <strong data-start=\"182\" data-end=\"232\">pizza napolitaine holographique au feu de bois<\/strong>, une cr\u00e9ation immersive alliant savoir-faire traditionnel et innovation technologique.<\/p>\n<p data-start=\"321\" data-end=\"635\">Reproduite en <strong data-start=\"335\" data-end=\"364\">ultra-haute d\u00e9finition 3D<\/strong>, la p\u00e2te pr\u00e9sente une texture a\u00e9rienne et l\u00e9g\u00e8rement croustillante, tandis que la mozzarella semble fondre d\u00e9licatement sous une <strong data-start=\"494\" data-end=\"538\">chaleur virtuelle parfaitement ma\u00eetris\u00e9e<\/strong>. La sauce tomate, riche et \u00e9clatante, est sublim\u00e9e par un rendu visuel d\u2019un r\u00e9alisme saisissant.<\/p>\n<p data-start=\"637\" data-end=\"980\">Un syst\u00e8me de <strong data-start=\"651\" data-end=\"686\">diffusion olfactive progressive<\/strong> lib\u00e8re les ar\u00f4mes embl\u00e9matiques de basilic frais et de tomate m\u00fbre, recr\u00e9ant l\u2019atmosph\u00e8re d\u2019une cuisson authentique au feu de bois. En parall\u00e8le, la <strong data-start=\"836\" data-end=\"871\">stimulation gustative neuronale<\/strong> restitue l\u2019\u00e9quilibre parfait entre douceur, acidit\u00e9 et onctuosit\u00e9, pour une exp\u00e9rience sensorielle compl\u00e8te.<\/p>\n<p data-start=\"982\" data-end=\"1187\">L\u2019interaction vient sublimer chaque d\u00e9gustation : lors de la d\u00e9coupe, le fromage s\u2019\u00e9tire en <strong data-start=\"1074\" data-end=\"1107\">filaments lumineux dynamiques<\/strong>, renfor\u00e7ant l\u2019illusion d\u2019une mozzarella fondante et fra\u00eechement sortie du four.<\/p>\n<p data-start=\"1189\" data-end=\"1211\"><strong data-start=\"1192\" data-end=\"1211\">Les avantages :<\/strong><\/p>\n<ul data-start=\"1212\" data-end=\"1500\">\n<li data-section-id=\"1jvr2b0\" data-start=\"1212\" data-end=\"1260\">Exp\u00e9rience culinaire immersive sans calories<\/li>\n<li data-section-id=\"1ddz9to\" data-start=\"1261\" data-end=\"1312\">Fid\u00e9lit\u00e9 visuelle et sensorielle exceptionnelle<\/li>\n<li data-section-id=\"uep9ip\" data-start=\"1313\" data-end=\"1364\">Ar\u00f4mes naturels diffus\u00e9s de mani\u00e8re progressive<\/li>\n<li data-section-id=\"kw0twv\" data-start=\"1365\" data-end=\"1403\">Interaction r\u00e9aliste et engageante<\/li>\n<li data-section-id=\"cqyd88\" data-start=\"1404\" data-end=\"1500\">Id\u00e9al pour la restauration du futur, les exp\u00e9riences immersives et le divertissement premium<\/li>\n<\/ul>\n<p data-start=\"1502\" data-end=\"1560\"><strong data-start=\"1502\" data-end=\"1560\">L\u2019\u00e2me de Naples, sublim\u00e9e par la technologie du futur.<\/strong><\/p>\n","protected":false},"excerpt":{"rendered":"<p>Red\u00e9couvrez l\u2019authenticit\u00e9 italienne \u00e0 travers notre pizza napolitaine holographique au feu de bois, une cr\u00e9ation immersive alliant savoir-faire traditionnel et innovation technologique. Reproduite en ultra-haute d\u00e9finition 3D, la p\u00e2te pr\u00e9sente une texture a\u00e9rienne et l\u00e9g\u00e8rement croustillante, tandis que la mozzarella semble fondre d\u00e9licatement sous une chaleur virtuelle parfaitement ma\u00eetris\u00e9e. La sauce tomate, riche et \u00e9clatante, [&hellip;]<\/p>\n","protected":false},"featured_media":1790,"comment_status":"open","ping_status":"closed","template":"","meta":[],"product_brand":[],"product_cat":[27],"product_tag":[],"class_list":{"0":"post-1792","1":"product","2":"type-product","3":"status-publish","4":"has-post-thumbnail","6":"product_cat-casual","8":"first","9":"instock","10":"taxable","11":"shipping-taxable","12":"purchasable","13":"product-type-simple"},"_links":{"self":[{"href":"https:\/\/www.pixel-aire.labo.infochartreux.fr\/index.php?rest_route=\/wp\/v2\/product\/1792","targetHints":{"allow":["GET"]}}],"collection":[{"href":"https:\/\/www.pixel-aire.labo.infochartreux.fr\/index.php?rest_route=\/wp\/v2\/product"}],"about":[{"href":"https:\/\/www.pixel-aire.labo.infochartreux.fr\/index.php?rest_route=\/wp\/v2\/types\/product"}],"replies":[{"embeddable":true,"href":"https:\/\/www.pixel-aire.labo.infochartreux.fr\/index.php?rest_route=%2Fwp%2Fv2%2Fcomments&post=1792"}],"wp:featuredmedia":[{"embeddable":true,"href":"https:\/\/www.pixel-aire.labo.infochartreux.fr\/index.php?rest_route=\/wp\/v2\/media\/1790"}],"wp:attachment":[{"href":"https:\/\/www.pixel-aire.labo.infochartreux.fr\/index.php?rest_route=%2Fwp%2Fv2%2Fmedia&parent=1792"}],"wp:term":[{"taxonomy":"product_brand","embeddable":true,"href":"https:\/\/www.pixel-aire.labo.infochartreux.fr\/index.php?rest_route=%2Fwp%2Fv2%2Fproduct_brand&post=1792"},{"taxonomy":"product_cat","embeddable":true,"href":"https:\/\/www.pixel-aire.labo.infochartreux.fr\/index.php?rest_route=%2Fwp%2Fv2%2Fproduct_cat&post=1792"},{"taxonomy":"product_tag","embeddable":true,"href":"https:\/\/www.pixel-aire.labo.infochartreux.fr\/index.php?rest_route=%2Fwp%2Fv2%2Fproduct_tag&post=1792"}],"curies":[{"name":"wp","href":"https:\/\/api.w.org\/{rel}","templated":true}]}}