{"id":1797,"date":"2026-03-31T21:12:41","date_gmt":"2026-03-31T19:12:41","guid":{"rendered":"http:\/\/127.0.0.1:32771\/?post_type=product&#038;p=1797"},"modified":"2026-03-31T21:14:27","modified_gmt":"2026-03-31T19:14:27","slug":"croissant-lumiere","status":"publish","type":"product","link":"https:\/\/www.pixel-aire.labo.infochartreux.fr\/?product=croissant-lumiere","title":{"rendered":"Croissant Lumi\u00e8re"},"content":{"rendered":"<h3 data-section-id=\"1y85vv\" data-start=\"90\" data-end=\"166\"><span role=\"text\"><strong data-start=\"94\" data-end=\"164\">Croissant Fran\u00e7ais Holographique \u2013 Art du Petit-D\u00e9jeuner R\u00e9invent\u00e9<\/strong><\/span><\/h3>\n<p data-start=\"168\" data-end=\"343\">Savourez l\u2019\u00e9l\u00e9gance de la boulangerie fran\u00e7aise avec notre <strong data-start=\"227\" data-end=\"264\">croissant holographique feuillet\u00e9<\/strong>, une projection ultra-r\u00e9aliste qui allie tradition et technologie de pointe.<\/p>\n<p data-start=\"345\" data-end=\"775\">Chaque couche est reproduite en <strong data-start=\"377\" data-end=\"406\">ultra-haute d\u00e9finition 3D<\/strong>, r\u00e9v\u00e9lant la texture a\u00e9rienne et le feuilletage d\u00e9licat d\u2019un croissant tout juste sorti du four. Un <strong data-start=\"507\" data-end=\"544\">syst\u00e8me de micro-brume aromatique<\/strong> diffuse progressivement les notes beurr\u00e9es, enveloppant les sens et cr\u00e9ant une exp\u00e9rience olfactive authentique. La <strong data-start=\"661\" data-end=\"696\">stimulation gustative neuronale<\/strong> restitue la douceur et le go\u00fbt typique du croissant, sans sucre ni calories.<\/p>\n<p data-start=\"777\" data-end=\"978\">L\u2019interaction sublime l\u2019exp\u00e9rience : au toucher, les couches feuillet\u00e9es se <strong data-start=\"853\" data-end=\"879\">s\u00e9parent avec fluidit\u00e9<\/strong>, reproduisant fid\u00e8lement la sensation d\u2019un croissant v\u00e9ritable et renfor\u00e7ant l\u2019illusion tactile.<\/p>\n<p data-start=\"980\" data-end=\"1004\"><strong data-start=\"983\" data-end=\"1002\">Les avantages :<\/strong><\/p>\n<ul data-start=\"1005\" data-end=\"1302\">\n<li data-section-id=\"1iai2f5\" data-start=\"1005\" data-end=\"1064\">Exp\u00e9rience de petit-d\u00e9jeuner immersive et sans calories<\/li>\n<li data-section-id=\"11yhe3a\" data-start=\"1065\" data-end=\"1107\">Feuilletage et texture ultra-r\u00e9alistes<\/li>\n<li data-section-id=\"1g4we5t\" data-start=\"1108\" data-end=\"1158\">Ar\u00f4mes subtils diffus\u00e9s de mani\u00e8re progressive<\/li>\n<li data-section-id=\"102edcd\" data-start=\"1159\" data-end=\"1205\">Interaction tactile r\u00e9aliste et engageante<\/li>\n<li data-section-id=\"1exqmaz\" data-start=\"1206\" data-end=\"1302\">Id\u00e9al pour les concepts de petit-d\u00e9jeuner futuristes et les exp\u00e9riences sensorielles premium<\/li>\n<\/ul>\n<p data-start=\"1304\" data-end=\"1390\"><strong data-start=\"1304\" data-end=\"1388\">Le charme de la boulangerie fran\u00e7aise, sublim\u00e9 par la technologie holographique.<\/strong><\/p>\n","protected":false},"excerpt":{"rendered":"<p>Croissant Fran\u00e7ais Holographique \u2013 Art du Petit-D\u00e9jeuner R\u00e9invent\u00e9 Savourez l\u2019\u00e9l\u00e9gance de la boulangerie fran\u00e7aise avec notre croissant holographique feuillet\u00e9, une projection ultra-r\u00e9aliste qui allie tradition et technologie de pointe. Chaque couche est reproduite en ultra-haute d\u00e9finition 3D, r\u00e9v\u00e9lant la texture a\u00e9rienne et le feuilletage d\u00e9licat d\u2019un croissant tout juste sorti du four. Un syst\u00e8me de [&hellip;]<\/p>\n","protected":false},"featured_media":1798,"comment_status":"open","ping_status":"closed","template":"","meta":[],"product_brand":[],"product_cat":[27],"product_tag":[],"class_list":{"0":"post-1797","1":"product","2":"type-product","3":"status-publish","4":"has-post-thumbnail","6":"product_cat-casual","8":"first","9":"instock","10":"taxable","11":"shipping-taxable","12":"purchasable","13":"product-type-simple"},"_links":{"self":[{"href":"https:\/\/www.pixel-aire.labo.infochartreux.fr\/index.php?rest_route=\/wp\/v2\/product\/1797","targetHints":{"allow":["GET"]}}],"collection":[{"href":"https:\/\/www.pixel-aire.labo.infochartreux.fr\/index.php?rest_route=\/wp\/v2\/product"}],"about":[{"href":"https:\/\/www.pixel-aire.labo.infochartreux.fr\/index.php?rest_route=\/wp\/v2\/types\/product"}],"replies":[{"embeddable":true,"href":"https:\/\/www.pixel-aire.labo.infochartreux.fr\/index.php?rest_route=%2Fwp%2Fv2%2Fcomments&post=1797"}],"wp:featuredmedia":[{"embeddable":true,"href":"https:\/\/www.pixel-aire.labo.infochartreux.fr\/index.php?rest_route=\/wp\/v2\/media\/1798"}],"wp:attachment":[{"href":"https:\/\/www.pixel-aire.labo.infochartreux.fr\/index.php?rest_route=%2Fwp%2Fv2%2Fmedia&parent=1797"}],"wp:term":[{"taxonomy":"product_brand","embeddable":true,"href":"https:\/\/www.pixel-aire.labo.infochartreux.fr\/index.php?rest_route=%2Fwp%2Fv2%2Fproduct_brand&post=1797"},{"taxonomy":"product_cat","embeddable":true,"href":"https:\/\/www.pixel-aire.labo.infochartreux.fr\/index.php?rest_route=%2Fwp%2Fv2%2Fproduct_cat&post=1797"},{"taxonomy":"product_tag","embeddable":true,"href":"https:\/\/www.pixel-aire.labo.infochartreux.fr\/index.php?rest_route=%2Fwp%2Fv2%2Fproduct_tag&post=1797"}],"curies":[{"name":"wp","href":"https:\/\/api.w.org\/{rel}","templated":true}]}}