{"id":1801,"date":"2026-03-31T21:18:23","date_gmt":"2026-03-31T19:18:23","guid":{"rendered":"http:\/\/127.0.0.1:32771\/?post_type=product&#038;p=1801"},"modified":"2026-03-31T21:19:53","modified_gmt":"2026-03-31T19:19:53","slug":"emotion-gelato","status":"publish","type":"product","link":"https:\/\/www.pixel-aire.labo.infochartreux.fr\/?product=emotion-gelato","title":{"rendered":"Emotion Gelato"},"content":{"rendered":"<h3 data-section-id=\"11ci5b0\" data-start=\"85\" data-end=\"164\"><span role=\"text\"><strong data-start=\"89\" data-end=\"162\">Glace Artisanale Holographique \u2013 Fra\u00eecheur et Gourmandise R\u00e9invent\u00e9es<\/strong><\/span><\/h3>\n<p data-start=\"166\" data-end=\"351\">D\u00e9couvrez une exp\u00e9rience estivale hors du commun avec notre <strong data-start=\"226\" data-end=\"274\">glace artisanale holographique multi-saveurs<\/strong>, o\u00f9 technologie et gourmandise fusionnent pour un plaisir sensoriel total.<\/p>\n<p data-start=\"353\" data-end=\"664\">Chaque boule est reproduite en <strong data-start=\"384\" data-end=\"413\">ultra-haute d\u00e9finition 3D<\/strong>, avec des couleurs \u00e9clatantes et une texture cr\u00e9meuse d\u2019une fid\u00e9lit\u00e9 exceptionnelle. La <strong data-start=\"502\" data-end=\"537\">stimulation gustative neuronale<\/strong> recr\u00e9e instantan\u00e9ment la sensation de fra\u00eecheur et la douceur des saveurs, pour un plaisir imm\u00e9diat, sans sucre ni calories.<\/p>\n<p data-start=\"666\" data-end=\"817\">Un syst\u00e8me de <strong data-start=\"680\" data-end=\"711\">diffusion olfactive subtile<\/strong> accompagne la d\u00e9gustation, renfor\u00e7ant l\u2019illusion de parfums naturels et vari\u00e9s selon la saveur simul\u00e9e.<\/p>\n<p data-start=\"819\" data-end=\"1042\">L\u2019interaction rend l\u2019exp\u00e9rience dynamique : la boule de glace <strong data-start=\"881\" data-end=\"905\">fond progressivement<\/strong> en fonction de l\u2019environnement virtuel et de vos gestes, reproduisant fid\u00e8lement la d\u00e9licatesse et le comportement d\u2019une glace r\u00e9elle.<\/p>\n<p data-start=\"1044\" data-end=\"1068\"><strong data-start=\"1047\" data-end=\"1066\">Les avantages :<\/strong><\/p>\n<ul data-start=\"1069\" data-end=\"1393\">\n<li data-section-id=\"1ibaq43\" data-start=\"1069\" data-end=\"1120\">Exp\u00e9rience gourmande immersive et sans calories<\/li>\n<li data-section-id=\"wg8nc9\" data-start=\"1121\" data-end=\"1187\">Couleurs et textures ultra-cr\u00e9meuses reproduites avec fid\u00e9lit\u00e9<\/li>\n<li data-section-id=\"1uupklc\" data-start=\"1188\" data-end=\"1236\">Fra\u00eecheur et saveurs instantan\u00e9ment simul\u00e9es<\/li>\n<li data-section-id=\"16g520j\" data-start=\"1237\" data-end=\"1292\">Interaction fluide et r\u00e9aliste avec l\u2019environnement<\/li>\n<li data-section-id=\"139d94u\" data-start=\"1293\" data-end=\"1393\">Id\u00e9al pour la gastronomie digitale, les exp\u00e9riences premium et les concepts sensoriels innovants<\/li>\n<\/ul>\n<p data-start=\"1395\" data-end=\"1460\"><strong data-start=\"1395\" data-end=\"1460\">Le plaisir glac\u00e9, r\u00e9invent\u00e9 par la technologie holographique.<\/strong><\/p>\n","protected":false},"excerpt":{"rendered":"<p>Glace Artisanale Holographique \u2013 Fra\u00eecheur et Gourmandise R\u00e9invent\u00e9es D\u00e9couvrez une exp\u00e9rience estivale hors du commun avec notre glace artisanale holographique multi-saveurs, o\u00f9 technologie et gourmandise fusionnent pour un plaisir sensoriel total. Chaque boule est reproduite en ultra-haute d\u00e9finition 3D, avec des couleurs \u00e9clatantes et une texture cr\u00e9meuse d\u2019une fid\u00e9lit\u00e9 exceptionnelle. La stimulation gustative neuronale recr\u00e9e [&hellip;]<\/p>\n","protected":false},"featured_media":1802,"comment_status":"open","ping_status":"closed","template":"","meta":[],"product_brand":[],"product_cat":[27],"product_tag":[],"class_list":{"0":"post-1801","1":"product","2":"type-product","3":"status-publish","4":"has-post-thumbnail","6":"product_cat-casual","8":"first","9":"instock","10":"taxable","11":"shipping-taxable","12":"purchasable","13":"product-type-simple"},"_links":{"self":[{"href":"https:\/\/www.pixel-aire.labo.infochartreux.fr\/index.php?rest_route=\/wp\/v2\/product\/1801","targetHints":{"allow":["GET"]}}],"collection":[{"href":"https:\/\/www.pixel-aire.labo.infochartreux.fr\/index.php?rest_route=\/wp\/v2\/product"}],"about":[{"href":"https:\/\/www.pixel-aire.labo.infochartreux.fr\/index.php?rest_route=\/wp\/v2\/types\/product"}],"replies":[{"embeddable":true,"href":"https:\/\/www.pixel-aire.labo.infochartreux.fr\/index.php?rest_route=%2Fwp%2Fv2%2Fcomments&post=1801"}],"wp:featuredmedia":[{"embeddable":true,"href":"https:\/\/www.pixel-aire.labo.infochartreux.fr\/index.php?rest_route=\/wp\/v2\/media\/1802"}],"wp:attachment":[{"href":"https:\/\/www.pixel-aire.labo.infochartreux.fr\/index.php?rest_route=%2Fwp%2Fv2%2Fmedia&parent=1801"}],"wp:term":[{"taxonomy":"product_brand","embeddable":true,"href":"https:\/\/www.pixel-aire.labo.infochartreux.fr\/index.php?rest_route=%2Fwp%2Fv2%2Fproduct_brand&post=1801"},{"taxonomy":"product_cat","embeddable":true,"href":"https:\/\/www.pixel-aire.labo.infochartreux.fr\/index.php?rest_route=%2Fwp%2Fv2%2Fproduct_cat&post=1801"},{"taxonomy":"product_tag","embeddable":true,"href":"https:\/\/www.pixel-aire.labo.infochartreux.fr\/index.php?rest_route=%2Fwp%2Fv2%2Fproduct_tag&post=1801"}],"curies":[{"name":"wp","href":"https:\/\/api.w.org\/{rel}","templated":true}]}}