{"id":279,"date":"2020-03-18T15:35:09","date_gmt":"2020-03-18T15:35:09","guid":{"rendered":"https:\/\/startersites.io\/blocksy\/modern-shop\/?post_type=product&#038;p=279"},"modified":"2026-03-31T20:46:27","modified_gmt":"2026-03-31T18:46:27","slug":"neque-laoreet-suspendisse-interdum-consectetur","status":"publish","type":"product","link":"https:\/\/www.pixel-aire.labo.infochartreux.fr\/?product=neque-laoreet-suspendisse-interdum-consectetur","title":{"rendered":"Holo Burger"},"content":{"rendered":"<p data-start=\"163\" data-end=\"338\">D\u00e9couvrez une nouvelle dimension de la gastronomie avec notre <strong data-start=\"225\" data-end=\"278\">burger holographique en ultra-haute d\u00e9finition 3D<\/strong>, con\u00e7u pour offrir une exp\u00e9rience immersive sans compromis.<\/p>\n<p data-start=\"340\" data-end=\"559\">Chaque composant du burger \u2014 du pain brioch\u00e9 dor\u00e9 au steak grill\u00e9 parfaitement saisi, en passant par le cheddar fondant \u2014 est reproduit avec une <strong data-start=\"485\" data-end=\"512\">pr\u00e9cision photor\u00e9aliste<\/strong>, offrant un rendu visuel bluffant de r\u00e9alisme.<\/p>\n<p data-start=\"561\" data-end=\"886\">Gr\u00e2ce \u00e0 un syst\u00e8me avanc\u00e9 de <strong data-start=\"590\" data-end=\"613\">diffusion olfactive<\/strong>, de d\u00e9licates notes de cuisson au feu de bois viennent enrichir l\u2019exp\u00e9rience, stimulant instantan\u00e9ment l\u2019app\u00e9tit. En parall\u00e8le, notre technologie de <strong data-start=\"763\" data-end=\"798\">stimulation gustative neuronale<\/strong> recr\u00e9e fid\u00e8lement les saveurs intenses et juteuses d\u2019un v\u00e9ritable burger gastronomique.<\/p>\n<p data-start=\"888\" data-end=\"1092\">L\u2019interaction est au c\u0153ur du dispositif : lors de la \u201cd\u00e9gustation\u201d, le steak se comprime visuellement, lib\u00e9rant une <strong data-start=\"1004\" data-end=\"1035\">vapeur aromatique dynamique<\/strong>, renfor\u00e7ant l\u2019illusion d\u2019un produit fra\u00eechement pr\u00e9par\u00e9.<\/p>\n<p data-start=\"1094\" data-end=\"1116\"><strong data-start=\"1097\" data-end=\"1116\">Les avantages :<\/strong><\/p>\n<ul data-start=\"1117\" data-end=\"1360\">\n<li data-section-id=\"mzymmr\" data-start=\"1117\" data-end=\"1173\">Exp\u00e9rience culinaire immersive sans apport calorique<\/li>\n<li data-section-id=\"xv9ipm\" data-start=\"1174\" data-end=\"1225\">R\u00e9alisme visuel, olfactif et gustatif de pointe<\/li>\n<li data-section-id=\"xz6fub\" data-start=\"1226\" data-end=\"1265\">Interaction intuitive et engageante<\/li>\n<li data-section-id=\"1br0r8d\" data-start=\"1266\" data-end=\"1360\">Id\u00e9al pour la restauration du futur, les d\u00e9monstrations ou le divertissement haut de gamme<\/li>\n<\/ul>\n<p data-start=\"1362\" data-end=\"1429\"><strong data-start=\"1362\" data-end=\"1429\">Le plaisir du go\u00fbt, r\u00e9invent\u00e9. Sans limites. Sans cons\u00e9quences.<\/strong><\/p>\n","protected":false},"excerpt":{"rendered":"<p>D\u00e9couvrez une nouvelle dimension de la gastronomie avec notre burger holographique en ultra-haute d\u00e9finition 3D, con\u00e7u pour offrir une exp\u00e9rience immersive sans compromis. Chaque composant du burger \u2014 du pain brioch\u00e9 dor\u00e9 au steak grill\u00e9 parfaitement saisi, en passant par le cheddar fondant \u2014 est reproduit avec une pr\u00e9cision photor\u00e9aliste, offrant un rendu visuel bluffant [&hellip;]<\/p>\n","protected":false},"featured_media":1781,"comment_status":"open","ping_status":"closed","template":"","meta":[],"product_brand":[],"product_cat":[27],"product_tag":[],"class_list":{"0":"post-279","1":"product","2":"type-product","3":"status-publish","4":"has-post-thumbnail","6":"product_cat-casual","8":"first","9":"instock","10":"shipping-taxable","11":"purchasable","12":"product-type-simple"},"_links":{"self":[{"href":"https:\/\/www.pixel-aire.labo.infochartreux.fr\/index.php?rest_route=\/wp\/v2\/product\/279","targetHints":{"allow":["GET"]}}],"collection":[{"href":"https:\/\/www.pixel-aire.labo.infochartreux.fr\/index.php?rest_route=\/wp\/v2\/product"}],"about":[{"href":"https:\/\/www.pixel-aire.labo.infochartreux.fr\/index.php?rest_route=\/wp\/v2\/types\/product"}],"replies":[{"embeddable":true,"href":"https:\/\/www.pixel-aire.labo.infochartreux.fr\/index.php?rest_route=%2Fwp%2Fv2%2Fcomments&post=279"}],"wp:featuredmedia":[{"embeddable":true,"href":"https:\/\/www.pixel-aire.labo.infochartreux.fr\/index.php?rest_route=\/wp\/v2\/media\/1781"}],"wp:attachment":[{"href":"https:\/\/www.pixel-aire.labo.infochartreux.fr\/index.php?rest_route=%2Fwp%2Fv2%2Fmedia&parent=279"}],"wp:term":[{"taxonomy":"product_brand","embeddable":true,"href":"https:\/\/www.pixel-aire.labo.infochartreux.fr\/index.php?rest_route=%2Fwp%2Fv2%2Fproduct_brand&post=279"},{"taxonomy":"product_cat","embeddable":true,"href":"https:\/\/www.pixel-aire.labo.infochartreux.fr\/index.php?rest_route=%2Fwp%2Fv2%2Fproduct_cat&post=279"},{"taxonomy":"product_tag","embeddable":true,"href":"https:\/\/www.pixel-aire.labo.infochartreux.fr\/index.php?rest_route=%2Fwp%2Fv2%2Fproduct_tag&post=279"}],"curies":[{"name":"wp","href":"https:\/\/api.w.org\/{rel}","templated":true}]}}